{"id":878,"date":"2021-12-15T18:42:31","date_gmt":"2021-12-15T17:42:31","guid":{"rendered":"https:\/\/tomasopiva.com\/?page_id=878"},"modified":"2021-12-15T18:51:49","modified_gmt":"2021-12-15T17:51:49","slug":"cookie-policy","status":"publish","type":"page","link":"https:\/\/tomasopiva.com\/it\/cookie-policy","title":{"rendered":"Cookie policy"},"content":{"rendered":"<div class=\"wpb-content-wrapper\">[vc_row css_animation=&#8221;&#8221; row_type=&#8221;row&#8221; use_row_as_full_screen_section=&#8221;no&#8221; type=&#8221;full_width&#8221; angled_section=&#8221;no&#8221; text_align=&#8221;left&#8221; background_image_as_pattern=&#8221;without_pattern&#8221; el_class=&#8221;legale&#8221; z_index=&#8221;&#8221;][vc_column][vc_empty_space height=&#8221;10px&#8221;][vc_column_text]\r\n<h2>Cookie policy<\/h2>\r\n[\/vc_column_text][vc_empty_space height=&#8221;10px&#8221;][vc_column_text]<strong>Premessa<\/strong>\r\nIl Sito utilizza solo cookie tecnici (di sessione, persistenti, di terze parti) e non di profilazione.\r\nUtilizzando il sito il visitatore acconsente espressamente all\u2019uso dei cookie.\r\n\r\n<strong>Cosa sono<\/strong>\r\nI cookie sono piccoli file di testo che vengono memorizzati nel dispositivo utilizzato dall\u2019utente (computer, tablet, smartphone\u2026), quando visita un sito web, per migliorarne l\u2019esperienza.\r\n\r\n<strong>A cosa servono<\/strong>\r\nI cookie servono a memorizzare sul browser informazioni da riutilizzare nel corso della medesima visita al sito (cookie di sessione) o in seguito, anche a distanza di giorni (cookie persistenti). I cookie vengono memorizzati, in base alle preferenze dell\u2019utente, dal singolo browser sullo specifico dispositivo utilizzato.\r\n\r\n<strong>Tipologie<\/strong>\r\nEsistono diverse tipologie di cookie. Alcuni sono necessari per poter navigare con maggiore semplicit\u00e0 il sito con procedure automatizzate (es. login, lingua\u2026), altri hanno scopi diversi come garantire la sicurezza interna, amministrare il sistema, effettuare analisi statistiche, comprendere quali sono le sezioni del sito che interessano maggiormente gli utenti o offrire una visita personalizzata del sito.\r\n\r\nI cookie sono categorizzati come segue.\r\n\r\n<u>Cookie di sessione<\/u><strong>\r\n<\/strong>I cookie di sessione sono essenziali per poter distinguere tra gli utenti collegati e sono utili per evitare che una funzionalit\u00e0 richiesta possa essere fornita all\u2019utente sbagliato, nonch\u00e9 per fini di sicurezza per impedire attacchi informatici al sito. I cookie di sessione non contengono dati personali e durano per la sola sessione in corso, cio\u00e8 fino alla chiusura del browser. Per essi non occorre consenso.\r\n\r\n<u>Functionality cookie (o cookie persistenti)\r\n<\/u>I functionality cookie sono strettamente necessari per l\u2019uso del sito, in particolare sono collegati ad una espressa richiesta di funzionalit\u00e0 da parte dell\u2019utente (come il login).\r\nQuesti cookie restano memorizzati nel dispositivo dell\u2019utente sino al raggiungimento di una determinata data di terminazione (in termini di minuti, giorni o anni dalla creazione\/aggiornamento del cookie). Per essi non occorre consenso.\r\n\r\n<u>Cookie di terze parti\r\n<\/u>Il presente sito funge anche da intermediario per cookie di terze parti, utilizzati per poter fornire ulteriori servizi e funzionalit\u00e0 ai visitatori e per migliorare l\u2019uso del sito stesso, come i pulsanti per i social network (Facebook, Twitter, LinkedIn\u2026), oppure video (Youtube). Questo sito non ha alcun controllo su questi cookie, interamente gestiti dalle terze parti. In conseguenza di ci\u00f2 le informazioni sull\u2019uso e sulle finalit\u00e0 degli stessi, nonch\u00e9 sulle modalit\u00e0 per l\u2019eventuale disabilitazione, sono fornite direttamente dalle terze parti.\r\n\r\nIn particolare, il sito pu\u00f2 fare uso dei seguenti strumenti, che generano cookie di terze parti:\r\n<ol>\r\n \t<li><strong>Google Analytics<\/strong><strong>\r\n<\/strong>Google Analytics \u00e8 uno strumento di analisi fornito da Google che attraverso l\u2019uso di cookie (performance cookie), raccoglie dati di navigazione anonimi (IP troncati all\u2019ultimo ottetto) ed esclusivamente aggregati allo scopo di esaminare l\u2019uso del sito da parte degli utenti, compilare report sulle attivit\u00e0 nel sito e fornire altre informazioni, compreso il numero dei visitatori e le pagine visitate. Tali cookie sono stati da noi impostati in modalit\u00e0 anonimizzata, in modo da ridurre al minimo la possibilit\u00e0 di identificarti da parte di Google o da altre terze parti.\r\nGoogle pu\u00f2 anche trasferire le informazioni a terzi ove ci\u00f2 sia imposto dalla legge o laddove tali terzi trattino le suddette informazioni per conto di Google. Google non associer\u00e0 l\u2019indirizzo IP a nessun altro dato posseduto da Google. I dati generati sono trattati e conservati da Google come indicato nella propria informativa.\r\nIn base a specifico accordo con Google, che \u00e8 designato quale responsabile del trattamento dei dati, questi si impegna a trattare i dati in base alle richieste del Titolare, impartite tramite le impostazioni del software.<\/li>\r\n \t<li><strong>Vimeo <\/strong><strong>\r\n<\/strong>Vimeo \u00e8 un servizio di visualizzazione di contenuti video gestito da Vimeo, LLC che permette a questa Applicazione di integrare tali contenuti all\u2019interno delle proprie pagine, che utilizza cookie per raccogliere informazioni degli utenti e dei dispositivi di navigazione. I dati generati sono trattati e conservati da Vimeo, LLC come indicato nella propria informativa.<\/li>\r\n \t<li><strong>Widget Google Maps<\/strong><strong>\r\n<\/strong>Google Maps \u00e8 un servizio di visualizzazione di mappe gestito da Google Inc. che permette a questa Applicazione di integrare tali contenuti all\u2019interno delle proprie pagine, che utilizza cookie per raccogliere informazioni degli utenti e dei dispositivi di navigazione. I dati generati sono trattati e conservati da Goole Inc. come indicato nella propria informativa.<\/li>\r\n \t<li><strong>Google Fonts<\/strong><strong>\r\n<\/strong>Google Fonts \u00e8 un servizio di visualizzazione di stili di carattere gestito da Google Inc. che permette a questa Applicazione di integrare tali contenuti all\u2019interno delle proprie pagine, che utilizza cookie per raccolta dati di utilizzo e varie tipologie di dati secondo quanto specificato dalla privacy policy del servizio.<\/li>\r\n \t<li><strong>Google reCAPTCHA (protezione spam)<\/strong><strong>\r\n<\/strong>Google reCAPTCHA \u00e8 un servizio di protezione dallo SPAM fornito da Google Inc. che utilizza cookie per raccolta dati di utilizzo e varie tipologie di dati secondo quanto specificato dalla privacy policy del servizio.<\/li>\r\n \t<li><strong>Plugin Social Network<\/strong><strong>\r\n<\/strong>Il sito pu\u00f2 incorporare plugin relativi a social network, al fine di consentire una facile condivisione dei contenuti sugli stessi. Quando previsto dal social network, tali plugin impostano cookie, normalmente solo se l\u2019utente ne fa effettivo e volontario uso. Si tenga presente che se l\u2019utente naviga il sito gi\u00e0 loggato nel social network, allora ha gi\u00e0 acconsentito all\u2019uso dei cookie veicolati tramite il sito al momento dell\u2019iscrizione al social network.\r\nLa raccolta e l\u2019uso delle informazioni ottenute a mezzo dei plugin sono regolati dalle rispettive informative privacy dei social network.<\/li>\r\n<\/ol>\r\n<h5>TRASFERIMENTO DI DATI IN PAESI EXTRA UE<\/h5>\r\nIl presente sito potrebbe condividere alcuni dei dati raccolti con servizi localizzati al di fuori dell\u2019area dell\u2019Unione Europea. In particolare con Google, Facebook, LinkedIn, tramite i social plugin e il servizio di Google Analytics. Il trasferimento \u00e8 autorizzato in base a specifiche <a href=\"http:\/\/www.garanteprivacy.it\/home\/provvedimenti-normativa\/normativa\/normativa-comunitaria-e-intenazionale\/trasferimento-dei-dati-verso-paesi-terzi\" target=\"_blank\" rel=\"noopener noreferrer\">decisioni dell\u2019Unione Europea e del Garante per la tutela dei dati personali<\/a>, in particolare la decisione 1250\/2016 (<a href=\"http:\/\/eur-lex.europa.eu\/legal-content\/IT\/TXT\/?uri=CELEX%3A32016D1250\" target=\"_blank\" rel=\"noopener noreferrer\">Privacy Shield<\/a>) per cui non occorre ulteriore consenso. Le aziende sopra menzionate garantiscono la propria adesione al Privacy Shield.\r\n<h5>APPROFONDIMENTI NORME DI TERZE PARTI<\/h5>\r\nPer ulteriori informazioni sull\u2019uso dei dati e sul loro trattamento da parte di terze parti si raccomanda di prendere visione delle informazioni alle apposite pagine. In particolare, relativamente ai social network, vengono citati i principali:\r\n\r\n<strong>Norme sulla privacy di Google<\/strong>\r\n<a href=\"https:\/\/policies.google.com\/privacy?hl=it\" target=\"_blank\" rel=\"noopener noreferrer\">https:\/\/policies.google.com\/privacy?hl=it<\/a>\r\n\r\n<strong>Tipi di cookie utilizzati da Google<\/strong>\r\n<a href=\"https:\/\/policies.google.com\/technologies\/types?hl=it\" target=\"_blank\" rel=\"noopener noreferrer\">https:\/\/policies.google.com\/technologies\/types?hl=it<\/a>\r\n\r\n<strong>In che modo Google utilizza i cookie<\/strong>\r\n<a href=\"https:\/\/policies.google.com\/technologies\/cookies?hl=it\" target=\"_blank\" rel=\"noopener noreferrer\">https:\/\/policies.google.com\/technologies\/cookies?hl=it<\/a>\r\n\r\n<strong>Salvaguardia dei dati Google Analytics<\/strong>\r\n<a href=\"https:\/\/support.google.com\/analytics\/answer\/6004245\" target=\"_blank\" rel=\"noopener noreferrer\">https:\/\/support.google.com\/analytics\/answer\/6004245<\/a>\r\n\r\n<strong>Google Analytics Cookie Usage on Websites (english)<\/strong>\r\n<a href=\"https:\/\/developers.google.com\/analytics\/devguides\/collection\/analyticsjs\/cookie-usage\" target=\"_blank\" rel=\"noopener noreferrer\">https:\/\/developers.google.com\/analytics\/devguides\/collection\/analyticsjs\/cookie-usage<\/a>\r\n\r\n<strong>Informativa sui dati di Vimeo, LLC<\/strong>\r\n<a href=\"https:\/\/vimeo.com\/privacy\" target=\"blank\" rel=\"noopener noreferrer\">https:\/\/vimeo.com\/privacy<\/a>\r\n<strong>Informativa sui dati di Google Inc.<\/strong>\r\n<a href=\"https:\/\/www.google.it\/intl\/it\/policies\/privacy\/\" target=\"blank\" rel=\"noopener noreferrer\">https:\/\/www.google.it\/intl\/it\/policies\/privacy\/<\/a>\r\n\r\n<strong>Normativa sui dati di Facebook<\/strong>\r\n<a href=\"https:\/\/www.facebook.com\/policies\/cookies\/\" target=\"_blank\" rel=\"noopener noreferrer\">https:\/\/www.facebook.com\/policies\/cookies\/<\/a>\r\n\r\n<strong>Informativa sulla privacy di Twitter<\/strong>\r\n<a href=\"https:\/\/twitter.com\/privacy?lang=it\" target=\"_blank\" rel=\"noopener noreferrer\">https:\/\/twitter.com\/privacy?lang=it<\/a>\r\n\r\n<strong>Informativa sui cookie di Linkedin<\/strong>\r\n<a href=\"https:\/\/www.linkedin.com\/legal\/cookie-policy\" target=\"_blank\" rel=\"noopener noreferrer\">https:\/\/www.linkedin.com\/legal\/cookie-policy<\/a>\r\n<h5>GESTIONE DEI COOKIE<\/h5>\r\nI cookie sono collegati al browser utilizzato. \u00c8 possibile controllare ed eliminare i singoli cookie utilizzando le impostazioni della maggior parte dei browser. La disabilitazione dei cookie potrebbe impedire il corretto utilizzo di alcune funzioni del sito stesso.\r\nSe non conosci il tipo e la versione di browser che stai utilizzando, clicca su \u201cAiuto\u201d nella finestra del browser per accedere a tutte le informazioni necessarie.\r\nSe conosci il tuo browser, clicca su quello che stai utilizzando per accedere alla pagina di gestione dei cookie.\r\n\r\n<strong>Internet Explorer<\/strong>\r\n<a href=\"http:\/\/windows.microsoft.com\/en-us\/windows-vista\/block-or-allow-cookies\" target=\"_blank\" rel=\"noopener noreferrer\">http:\/\/windows.microsoft.com\/en-us\/windows-vista\/block-or-allow-cookies<\/a>\r\n\r\n<strong>Google Chrome<\/strong>\r\n<a href=\"https:\/\/support.google.com\/accounts\/answer\/61416?hl=it\" target=\"_blank\" rel=\"noopener noreferrer\">https:\/\/support.google.com\/accounts\/answer\/61416?hl=it<\/a>\r\n\r\n<strong>Mozilla Firefox<\/strong>\r\n<a href=\"http:\/\/support.mozilla.org\/en-US\/kb\/Enabling%20and%20disabling%20cookies\" target=\"_blank\" rel=\"noopener noreferrer\">http:\/\/support.mozilla.org\/en-US\/kb\/Enabling%20and%20disabling%20cookies<\/a>\r\n\r\n<strong>Safari<\/strong>\r\n<a href=\"http:\/\/www.apple.com\/legal\/privacy\" target=\"_blank\" rel=\"noopener noreferrer\">http:\/\/www.apple.com\/legal\/privacy<\/a>\r\n\r\nInoltre, se vuoi disabilitare il salvataggio di Cookie da parte di <strong>Google Analitycs<\/strong>, installa sul tuo Browser il seguente componente aggiuntivo:\r\n<a href=\"https:\/\/tools.google.com\/dlpage\/gaoptout?hl=it\" target=\"_blank\" rel=\"noopener noreferrer\">https:\/\/tools.google.com\/dlpage\/gaoptout?hl=it<\/a>\r\n\r\nPer saperne di pi\u00f9 sui cookie \u00e8 possibile fare riferimento a:\r\n<a href=\"http:\/\/www.garanteprivacy.it\/cookie\" target=\"_blank\" rel=\"noopener noreferrer\">www.garanteprivacy.it\/cookie\r\n<\/a><a href=\"http:\/\/www.aboutcookies.org\/\" target=\"_blank\" rel=\"noopener noreferrer\">www.aboutcookies.org\r\n<\/a><a href=\"http:\/\/www.allaboutcookies.org\/\" target=\"_blank\" rel=\"noopener noreferrer\">www.allaboutcookies.org<\/a>\r\n\r\n&nbsp;\r\n<p class=\"CookieDeclarationDialogText\">Questo sito web utilizza i cookie. Utilizziamo i cookie per personalizzare i contenuti e gli annunci, fornire le funzioni dei social media e analizzare il nostro traffico. Inoltre forniamo informazioni sul modo in cui utilizzi il nostro sito ai nostri partner che si occupano di analisi dei dati web, pubblicit\u00e0 e social media, i quali potrebbero combinarle con altre informazioni che hai fornito loro o che hanno raccolto in base al tuo utilizzo dei loro servizi.<\/p>\r\n<p class=\"CookieDeclarationIntro\">I cookie sono piccoli file di testo che possono essere utilizzati dai siti web per rendere pi\u00f9 efficiente l&#8217;esperienza per l&#8217;utente.<\/p>\r\nLa legge afferma che possiamo memorizzare i cookie sul tuo dispositivo se sono strettamente necessari per il funzionamento di questo sito. Per tutti gli altri tipi di cookie ci serve il tuo permesso.\r\n\r\nQuesto sito utilizza diversi tipi di cookie. Alcuni cookie sono posti da servizi di terzi che compaiono sulle nostre pagine.\r\n\r\nIl suo consenso si applica ai seguenti siti web: www.tomasopiva.com[\/vc_column_text][vc_empty_space height=&#8221;10px&#8221;][\/vc_column][\/vc_row]<\/div>","protected":false},"excerpt":{"rendered":"<p>[vc_row css_animation=&#8221;&#8221; row_type=&#8221;row&#8221; use_row_as_full_screen_section=&#8221;no&#8221; type=&#8221;full_width&#8221; angled_section=&#8221;no&#8221; text_align=&#8221;left&#8221; background_image_as_pattern=&#8221;without_pattern&#8221; el_class=&#8221;legale&#8221; z_index=&#8221;&#8221;][vc_column][vc_empty_space height=&#8221;10px&#8221;][vc_column_text] Cookie policy [\/vc_column_text][vc_empty_space height=&#8221;10px&#8221;][vc_column_text]Premessa Il Sito utilizza solo cookie tecnici (di sessione, persistenti, di terze parti) e non di profilazione. Utilizzando il sito il visitatore acconsente espressamente all\u2019uso dei cookie. Cosa sono I cookie&#8230;<\/p>\n","protected":false},"author":1,"featured_media":0,"parent":0,"menu_order":0,"comment_status":"closed","ping_status":"closed","template":"","meta":{"_acf_changed":false,"footnotes":""},"class_list":["post-878","page","type-page","status-publish","hentry"],"acf":[],"_links":{"self":[{"href":"https:\/\/tomasopiva.com\/it\/wp-json\/wp\/v2\/pages\/878","targetHints":{"allow":["GET"]}}],"collection":[{"href":"https:\/\/tomasopiva.com\/it\/wp-json\/wp\/v2\/pages"}],"about":[{"href":"https:\/\/tomasopiva.com\/it\/wp-json\/wp\/v2\/types\/page"}],"author":[{"embeddable":true,"href":"https:\/\/tomasopiva.com\/it\/wp-json\/wp\/v2\/users\/1"}],"replies":[{"embeddable":true,"href":"https:\/\/tomasopiva.com\/it\/wp-json\/wp\/v2\/comments?post=878"}],"version-history":[{"count":0,"href":"https:\/\/tomasopiva.com\/it\/wp-json\/wp\/v2\/pages\/878\/revisions"}],"wp:attachment":[{"href":"https:\/\/tomasopiva.com\/it\/wp-json\/wp\/v2\/media?parent=878"}],"curies":[{"name":"wp","href":"https:\/\/api.w.org\/{rel}","templated":true}]}}